{"id":76,"date":"2025-08-03T12:32:00","date_gmt":"2025-08-03T12:32:00","guid":{"rendered":"http:\/\/kramerius.local\/publication\/"},"modified":"2026-04-07T12:06:21","modified_gmt":"2026-04-07T12:06:21","slug":"publication","status":"publish","type":"page","link":"https:\/\/system-kramerius.cz\/en\/publication\/","title":{"rendered":"Publications"},"content":{"rendered":"\n<div class=\"wp-block-group text_block is-layout-flow wp-block-group-is-layout-flow\">\n<h2 class=\"wp-block-heading has-text-align-center scroll-mt-16 has-primary-color has-text-color has-link-color wp-elements-8f0e1ed90e9db5c851ef08c1fa4aeb9b\" id=\"prispevky_konference\">Conference presentation<\/h2>\n\n\n\n<ul class=\"wp-block-list\">\n<li><a href=\"https:\/\/www.skipcr.cz\/sites\/default\/files\/documents\/2024-12\/11_Zabicka_2024.pdf\" target=\"_blank\" rel=\"noopener\">Kramerius pro v\u0161echny: vyu\u017eit\u00ed AI, zp\u0159\u00edstupn\u011bn\u00ed pro zdravotn\u011b znev\u00fdhodn\u011bn\u00e9<\/a> (P. \u017dabi\u010dka, M. Lhot\u00e1k, F. Kersch, 11\/2024)<\/li>\n\n\n\n<li><a href=\"https:\/\/www.skipcr.cz\/sites\/default\/files\/documents\/2024-12\/26_Brozek_2024.pdf\" target=\"_blank\" rel=\"noopener\">Jak pom\u00e1h\u00e1 syst\u00e9m Kramerius p\u0159i vytv\u00e1\u0159en\u00ed medailon\u016f pro b\u00e1zi Slovn\u00edk \u010desk\u00fdch knihovn\u00edk\u016f<\/a> (A. Bro\u017eek, 11\/2024)<\/li>\n\n\n\n<li><a href=\"https:\/\/www.skipcr.cz\/sites\/default\/files\/documents\/2023-12\/5_Zabicka_2023.pdf\" target=\"_blank\" rel=\"noopener\">Kramerius a AI<\/a> (P. \u017dabi\u010dka, M. Lhot\u00e1k, 11\/2023)<\/li>\n\n\n\n<li><a href=\"https:\/\/www.skipcr.cz\/sites\/default\/files\/documents\/2022-12\/4_Lhotak_2022.pdf\" target=\"_blank\" rel=\"noopener\">Kramerius, ProArc, ARCLib: aktu\u00e1ln\u00ed stav v\u00fdvoje open source ekosyst\u00e9mu pro digitalizaci a digit\u00e1ln\u00ed obsah (nejen) v knihovn\u00e1ch<\/a> (M. Lhot\u00e1k, 11\/2022)<\/li>\n\n\n\n<li><a href=\"https:\/\/bulletin.skipcr.cz\/prezentace\/archivy-2020\/Richter.pdf\" target=\"_blank\" rel=\"noopener\">Zp\u0159\u00edstupn\u011bn\u00ed d\u011bl nedostupn\u00fdch na trhu<\/a> (V. Richter, 12\/2020)<\/li>\n\n\n\n<li><a href=\"https:\/\/bulletin.skipcr.cz\/prezentace\/archivy-2020\/Brozek.pdf\" target=\"_blank\" rel=\"noopener\">Could we do without digital libraries working in the Kramerius system?<\/a> (A. Bro\u017eek, 12\/2020)<\/li>\n\n\n\n<li><a href=\"https:\/\/bulletin.skipcr.cz\/prezentace\/archivy-2019\/1\/Lhotak.pdf\" target=\"_blank\" rel=\"noopener\">Syst\u00e9m Kramerius \u2013 v\u00fdvojov\u00e9 pr\u00e1ce v roce 2019<\/a> (M. Lhot\u00e1k, 12\/2019)<\/li>\n\n\n\n<li><a href=\"https:\/\/bulletin.skipcr.cz\/prezentace\/archivy-2018\/Brozek.pdf\" target=\"_blank\" rel=\"noopener\">L\u00edc a rub digit\u00e1ln\u00edch knihoven, p\u0159edev\u0161\u00edm krameriovsk\u00fdch<\/a> (A. Bro\u017eek, 11\/2018)<\/li>\n\n\n\n<li><a href=\"https:\/\/bulletin.skipcr.cz\/prezentace\/archivy-2017\/Lhotak.pdf\" target=\"_blank\" rel=\"noopener\">Syst\u00e9m Kramerius -nov\u00e9 u\u017eivatelsk\u00e9 rozhran\u00ed a p\u0159echod na repozit\u00e1\u0159 Fedora 4<\/a> (M. Lhot\u00e1k, 11\/2017)<\/li>\n\n\n\n<li><a href=\"http:\/\/www.inforum.cz\/pdf\/2016\/damborska-lenka-1.pdf\" target=\"_blank\" rel=\"noopener\">Mobiln\u00ed aplikace pro digit\u00e1ln\u00ed knihovnu Kramerius<\/a> (L. Damborsk\u00e1, 5\/2016)<\/li>\n\n\n\n<li><a href=\"https:\/\/bulletin.skipcr.cz\/prezentace\/archivy-2015\/2\/Lhotak.pdf\" target=\"_blank\" rel=\"noopener\">\u010cesk\u00e1 digit\u00e1ln\u00ed knihovna \u2013 zah\u00e1jen\u00ed ostr\u00e9ho provozu a zapojen\u00ed dal\u0161\u00edch knihoven<\/a> (M. Lhot\u00e1k, 12\/2015)<\/li>\n\n\n\n<li><a href=\"http:\/\/repozitar.techlib.cz\/record\/984\/files\/idr-984_1.pdf\" target=\"_blank\" rel=\"noopener\">Digitalizace historick\u00e9ho fondu a jeho prezentace<\/a> (J. Va\u0161kov\u00e1, J. \u0158ih\u00e1k, 11\/2015)<\/li>\n\n\n\n<li><a href=\"http:\/\/bulletin.skipcr.cz\/prezentace\/archivy-2014\/Lhotak.pdf\" target=\"_blank\" rel=\"noopener\">V\u00fdstupy projektu \u010cesk\u00e1 digit\u00e1ln\u00ed knihovna: Kramerius 5 a ProArc 2.0 NDK<\/a> (M. Lhot\u00e1k, 2014)<\/li>\n\n\n\n<li><a href=\"http:\/\/bulletin.skipcr.cz\/prezentace\/archivy-2014\/Brozek.pdf\" target=\"_blank\" rel=\"noopener\">Kramer about 106!<\/a> (A. Bro\u017eek, 2014)<\/li>\n\n\n\n<li><a href=\"http:\/\/bulletin.skipcr.cz\/prezentace\/archivy-2013\/Lhotak_CDK_2013.pdf\" target=\"_blank\" rel=\"noopener\">Vyu\u017eit\u00ed n\u00e1stroj\u016f z projektu \u010cesk\u00e1 digit\u00e1ln\u00ed knihovna p\u0159i digitalizaci a zp\u0159\u00edstupn\u011bn\u00ed digit\u00e1ln\u00edch dokument\u016f<\/a> (M. Lhot\u00e1k, 2013)<\/li>\n<\/ul>\n\n\n\n<div style=\"height:5vh\" aria-hidden=\"true\" class=\"wp-block-spacer\"><\/div>\n\n\n\n<h2 class=\"wp-block-heading has-text-align-center has-primary-color has-text-color has-link-color wp-elements-271fb92a45e58b1bd957db85336dcc75\" id=\"clanky_publikace\">Papers<\/h2>\n\n\n\n<ul class=\"wp-block-list\">\n<li><a href=\"https:\/\/casopisctenar.cz\/2025\/03\/27\/kramerius-pro-vsechny\/\" target=\"_blank\" rel=\"noopener\">Kramerius pro v\u0161echny: Zp\u0159\u00edstupn\u011bn\u00ed digit\u00e1ln\u00edch knihoven zdravotn\u011b znev\u00fdhodn\u011bn\u00fdm u\u017eivatel\u016fm<\/a> (M. Lhot\u00e1k, F. Kersch, 3\/2025)<\/li>\n\n\n\n<li><a href=\"https:\/\/casopisctenar.cz\/2025\/03\/27\/ceska-digitalni-knihovna-jak-se-muze-moje-knihovna-zapojit\/\" target=\"_blank\" rel=\"noopener\">Czech Digital Library: how can my library get involved?<\/a> (P. \u017dabi\u010dka, M. Be\u017eov\u00e1, 3\/2025)<\/li>\n\n\n\n<li><a href=\"https:\/\/stredoceskaknihovna.cz\" target=\"_blank\" rel=\"noreferrer noopener\">Syst\u00e9m Kramerius v \u010desk\u00fdch a slovensk\u00fdch knihovn\u00e1ch na konci roku 2013<\/a> (A. Bro\u017eek, 4\/2014)<\/li>\n\n\n\n<li><a href=\"http:\/\/www.itbiz.cz\/zpravicky\/narodni-knihovna-digitalne-zpristupni-5-7-milionu-novinovych-stran\" target=\"_blank\" rel=\"noopener\">N\u00e1rodn\u00ed knihovna digit\u00e1ln\u011b zp\u0159\u00edstupn\u00ed 5,7 milion\u016f novinov\u00fdch stran<\/a> (4\/2013)<\/li>\n\n\n\n<li><a href=\"https:\/\/duha.mzk.cz\/clanky\/ceske-pametove-instituce-digitalni-data-historicky-exkurz-soucasny-stav-predpokladany-vyvoj\" target=\"_blank\" rel=\"noopener\">\u010cesk\u00e9 pam\u011b\u0165ov\u00e9 instituce a digit\u00e1ln\u00ed data \u2013 historick\u00fd exkurz, sou\u010dasn\u00fd stav a p\u0159edpokl\u00e1dan\u00fd v\u00fdvoj<\/a> (M. Melichar, J. Huta\u0159, 11\/2013)<\/li>\n\n\n\n<li><a href=\"http:\/\/www.svkhk.cz\/Pro-knihovny\/Zpravodaj-U-nas\/Clanek.aspx?id=20120416\" target=\"_blank\" rel=\"noopener\">Kramerius nen\u00ed jeden aneb Digit\u00e1ln\u00ed knihovny \u010desk\u00fdch knihoven<\/a> (L. Jirk\u016f, 12\/2012)<\/li>\n\n\n\n<li><a href=\"https:\/\/joinup.ec.europa.eu\/software\/k4\/description\" target=\"_blank\" rel=\"noopener\">Kramerius [http:\/\/JoinUp.eu]<\/a> (P. Kocourek, 12\/2012)<\/li>\n\n\n\n<li><a href=\"https:\/\/interoperable-europe.ec.europa.eu\/collection\/open-source-observatory-osor\/news\/open-source-helps-czech-libra\" target=\"_blank\" rel=\"noreferrer noopener\">Open source helps Czech libraries protect and show historic documents<\/a> (Gijs Hillenius, 12\/2012)<\/li>\n\n\n\n<li><a href=\"http:\/\/oldknihovna.nkp.cz\/knihovna122\/fiser.htm\" target=\"_blank\" rel=\"noopener\">Digit\u00e1ln\u00ed knihovna Kramerius a jej\u00ed vyu\u017e\u00edv\u00e1n\u00ed studenty historick\u00fdch v\u011bd<\/a> (M. Fi\u0161er, 2012)<\/li>\n\n\n\n<li><a href=\"https:\/\/ctenar.svkkl.cz\/clanky\/2012-roc-64\/4-2012\/system-kramerius-v-ceskych-a-slovenskych-knihovnach-na-konci-roku-2011-96-1182.htm\" target=\"_blank\" rel=\"noopener\">Syst\u00e9m Kramerius v \u010desk\u00fdch a slovensk\u00fdch knihovn\u00e1ch na konci roku 2011<\/a> (4\/2012)<\/li>\n\n\n\n<li><a href=\"http:\/\/www.inflow.cz\/kramerius-4-kramerius-5\" target=\"_blank\" rel=\"noopener\">Kramerius 4 a Kramerius 5<\/a> (5\/2012)<\/li>\n\n\n\n<li><a href=\"http:\/\/opensource.knihovna.cz\/index.php\/aplikace?pid=89&amp;sid=102:Kramerius\" target=\"_blank\" rel=\"noopener\">opensource.knihovna.cz<\/a> (12\/2012)<\/li>\n\n\n\n<li><a href=\"http:\/\/www.linuxexpres.cz\/business\/ceska-digitalni-knihovna-a-open-source-system-kramerius\" target=\"_blank\" rel=\"noopener\">\u010cesk\u00e1 digit\u00e1ln\u00ed knihovna a open-source syst\u00e9m Kramerius<\/a> (R. Kr\u00e1tk\u00fd, p\u0159evzato 12\/2012)<\/li>\n<\/ul>\n<\/div>\n","protected":false},"excerpt":{"rendered":"<p>Conference presentation Papers<\/p>\n","protected":false},"author":2,"featured_media":0,"parent":0,"menu_order":0,"comment_status":"closed","ping_status":"closed","template":"template-publikace.blade.php","meta":{"_acf_changed":false,"_seopress_robots_primary_cat":"","_seopress_titles_title":"Kramerius - Publications","_seopress_titles_desc":"Publications and presentations about the Kramerius system: conference papers and professional articles mapping its development, implementation and use in the library community.","_seopress_robots_index":"","footnotes":""},"class_list":["post-76","page","type-page","status-publish","hentry"],"acf":[],"_links":{"self":[{"href":"https:\/\/system-kramerius.cz\/en\/wp-json\/wp\/v2\/pages\/76","targetHints":{"allow":["GET"]}}],"collection":[{"href":"https:\/\/system-kramerius.cz\/en\/wp-json\/wp\/v2\/pages"}],"about":[{"href":"https:\/\/system-kramerius.cz\/en\/wp-json\/wp\/v2\/types\/page"}],"author":[{"embeddable":true,"href":"https:\/\/system-kramerius.cz\/en\/wp-json\/wp\/v2\/users\/2"}],"replies":[{"embeddable":true,"href":"https:\/\/system-kramerius.cz\/en\/wp-json\/wp\/v2\/comments?post=76"}],"version-history":[{"count":28,"href":"https:\/\/system-kramerius.cz\/en\/wp-json\/wp\/v2\/pages\/76\/revisions"}],"predecessor-version":[{"id":600,"href":"https:\/\/system-kramerius.cz\/en\/wp-json\/wp\/v2\/pages\/76\/revisions\/600"}],"wp:attachment":[{"href":"https:\/\/system-kramerius.cz\/en\/wp-json\/wp\/v2\/media?parent=76"}],"curies":[{"name":"wp","href":"https:\/\/api.w.org\/{rel}","templated":true}]}}