{"id":75,"date":"2025-08-03T12:32:10","date_gmt":"2025-08-03T12:32:10","guid":{"rendered":"http:\/\/kramerius.local\/contact\/"},"modified":"2026-04-08T06:12:13","modified_gmt":"2026-04-08T06:12:13","slug":"contact","status":"publish","type":"page","link":"https:\/\/system-kramerius.cz\/en\/contact\/","title":{"rendered":"Contact"},"content":{"rendered":"\n<div class=\"wp-block-group text_block is-layout-flow wp-block-group-is-layout-flow\">\n<h3 class=\"wp-block-heading has-primary-color has-text-color has-link-color wp-elements-43bd2e9d4a6b3298638d38da400c6942\"><strong>Development Team<\/strong><\/h3>\n\n\n\n<p>The development team consists of employees from the Library of the Czech Academy of Sciences, the National Library of the Czech Republic, the Moravian Library in Brno, the National Technical Library, the National Medical Library, the Municipal Library of Prague, and the North Bohemian Scientific Library in \u00dast\u00ed nad Labem. Technological partners include the companies Galderon, INOVATIKA, and Trinera. <\/p>\n\n\n\n<div style=\"height:4em\" aria-hidden=\"true\" class=\"wp-block-spacer\"><\/div>\n\n\n\n<h3 class=\"wp-block-heading has-primary-color has-text-color has-link-color wp-elements-e82c8550a696c293d8fa98467091b3d0\"><strong>Team members<\/strong><\/h3>\n\n\n\n<ul class=\"wp-block-list\">\n<li>KNAV &#8211; M. Lhot\u00e1k, M. Duda, F. Kersch<\/li>\n\n\n\n<li>National Library of the Czech Republic \u2013 J. Hrzinov\u00e1, V. Jirou\u0161ek, K. Ko\u0161\u0165\u00e1lov\u00e1<\/li>\n\n\n\n<li>Moravian Library \u2013 P. \u017dabi\u010dka, F. Jebav\u00fd<\/li>\n\n\n\n<li>National Technical Library \u2013 J. Kol\u00e1tor, J. Dobi\u00e1\u0161ovsk\u00fd<\/li>\n\n\n\n<li>National Medical Library \u2013 F. K\u0159\u00ed\u017e<\/li>\n\n\n\n<li>North Bohemian Scientific Library &#8211; A. Bro\u017eek<\/li>\n\n\n\n<li>Municipal Library of Prague &#8211; M. Sv\u011btl\u00fd<\/li>\n\n\n\n<li>Programming team: P. Kocourek, V. Lahoda, P. \u0160\u0165astn\u00fd, J. Rycht\u00e1\u0159<\/li>\n<\/ul>\n\n\n\n<p>The project development is coordinated by the Library of the Czech Academy of Sciences together with the National Library of the Czech Republic and the Moravian Library in Brno.<\/p>\n\n\n\n<ul class=\"wp-block-list\">\n<li>Ing. Martin Lhot\u00e1k, Library of the Library of the Czech Academy of Sciences, <a href=\"mailto:lhotak@knav.cz\">lhotak@knav.cz<\/a>, main coordinator<\/li>\n\n\n\n<li>Ing. Petr \u017dabi\u010dka, Moravian Library in Brno, <a href=\"mailto:petr.zabicka@mzk.cz\">petr.zabicka@mzk.cz<\/a><\/li>\n\n\n\n<li>National Library of the Czech Republic<\/li>\n<\/ul>\n\n\n\n<p>Contact: Ing. Martin Lhot\u00e1k, Knihovna AV \u010cR, v. v. i., N\u00e1rodn\u00ed 3, 115 22 Praha 1, lhotak@knav.cz<\/p>\n\n\n\n<div style=\"height:4em\" aria-hidden=\"true\" class=\"wp-block-spacer\"><\/div>\n\n\n\n<h3 class=\"wp-block-heading has-primary-color has-text-color has-link-color wp-elements-bf132e39d2fb24cf0feeac9e20a99739\"><strong>Communication<\/strong><\/h3>\n\n\n\n<p>Report bugs and requests for new functionality using the <a href=\"https:\/\/github.com\/ceskaexpedice\/kramerius\/issues\/new\" target=\"_blank\" rel=\"noreferrer noopener\">New Issue<\/a> form in the GitHub repository.<\/p>\n\n\n\n<p>Mailing list for Kramerius system administrators: <a href=\"mailto:kramerius@lib.cas.cz\">kramerius@lib.cas.cz<\/a><\/p>\n\n\n\n<p>First subscription to the mailing list: <a href=\"https:\/\/mailman.lib.cas.cz\/mailman\/listinfo\/kramerius\" target=\"_blank\" rel=\"noreferrer noopener\">mailman\/listinfo\/kramerius<\/a><\/p>\n\n\n\n<p>The mailing list can be used to report bugs, suggest improvements and development, and contribute to the Kramerius source code.<\/p>\n<\/div>\n","protected":false},"excerpt":{"rendered":"<p>Development Team The development team consists of employees from the Library of the Czech Academy of Sciences, the National Library of the Czech Republic, the Moravian Library in Brno, the National Technical Library, the National Medical Library, the Municipal Library of Prague, and the North Bohemian Scientific Library in \u00dast\u00ed nad Labem. Technological partners include &hellip; <a href=\"https:\/\/system-kramerius.cz\/en\/contact\/\">Continued<\/a><\/p>\n","protected":false},"author":2,"featured_media":0,"parent":0,"menu_order":0,"comment_status":"closed","ping_status":"closed","template":"template-kontakt.blade.php","meta":{"_acf_changed":false,"_seopress_robots_primary_cat":"","_seopress_titles_title":"Kramerius - Contact","_seopress_titles_desc":"The development of the project is coordinated by the Library of the Academy of Sciences of the Czech Republic together with the National Library of the Czech Republic and the Moravian Regional Library in Brno.","_seopress_robots_index":"","footnotes":""},"class_list":["post-75","page","type-page","status-publish","hentry"],"acf":[],"_links":{"self":[{"href":"https:\/\/system-kramerius.cz\/en\/wp-json\/wp\/v2\/pages\/75","targetHints":{"allow":["GET"]}}],"collection":[{"href":"https:\/\/system-kramerius.cz\/en\/wp-json\/wp\/v2\/pages"}],"about":[{"href":"https:\/\/system-kramerius.cz\/en\/wp-json\/wp\/v2\/types\/page"}],"author":[{"embeddable":true,"href":"https:\/\/system-kramerius.cz\/en\/wp-json\/wp\/v2\/users\/2"}],"replies":[{"embeddable":true,"href":"https:\/\/system-kramerius.cz\/en\/wp-json\/wp\/v2\/comments?post=75"}],"version-history":[{"count":9,"href":"https:\/\/system-kramerius.cz\/en\/wp-json\/wp\/v2\/pages\/75\/revisions"}],"predecessor-version":[{"id":668,"href":"https:\/\/system-kramerius.cz\/en\/wp-json\/wp\/v2\/pages\/75\/revisions\/668"}],"wp:attachment":[{"href":"https:\/\/system-kramerius.cz\/en\/wp-json\/wp\/v2\/media?parent=75"}],"curies":[{"name":"wp","href":"https:\/\/api.w.org\/{rel}","templated":true}]}}